{"id":1409,"date":"2022-03-28T12:19:35","date_gmt":"2022-03-28T10:19:35","guid":{"rendered":"https:\/\/bondegaardsferie.dk\/om-foreningen\/kontakt-os\/"},"modified":"2026-05-01T16:53:41","modified_gmt":"2026-05-01T14:53:41","slug":"kontakt","status":"publish","type":"page","link":"https:\/\/bondegaardsferie.dk\/de\/uber-den-verein\/kontakt\/","title":{"rendered":"Kontakt"},"content":{"rendered":"\n<style type=\"text\/css\" data-created_by=\"avia_inline_auto\" id=\"style-css-av-fisne-d9fa36053d06917bea4b6cfef1b55a5a\">\n.avia-section.av-fisne-d9fa36053d06917bea4b6cfef1b55a5a{\nbackground-repeat:no-repeat;\nbackground-image:url(https:\/\/bondegaardsferie.dk\/wp-content\/uploads\/2022\/04\/sidetopfoto6-bondegaardsferie.jpg);\nbackground-position:50% 50%;\nbackground-attachment:scroll;\n}\n<\/style>\n<div id='av_section_1'  class='avia-section av-fisne-d9fa36053d06917bea4b6cfef1b55a5a main_color avia-section-default avia-no-border-styling  avia-builder-el-0  el_before_av_one_full  avia-builder-el-first  avia-full-stretch avia-bg-style-scroll av-minimum-height av-minimum-height-25 av-height-25  container_wrap fullsize'  data-section-bg-repeat='stretch' data-av_minimum_height_pc='25' data-av_min_height_opt='25'><div class='container av-section-cont-open' ><main  role=\"main\" itemprop=\"mainContentOfPage\"  class='template-page content  av-content-full alpha units'><div class='post-entry post-entry-type-page post-entry-1409'><div class='entry-content-wrapper clearfix'><\/div><\/div><\/main><!-- close content main element --><\/div><\/div><div id='after_section_1'  class='main_color av_default_container_wrap container_wrap fullsize'  ><div class='container av-section-cont-open' ><div class='template-page content  av-content-full alpha units'><div class='post-entry post-entry-type-page post-entry-1409'><div class='entry-content-wrapper clearfix'>\n<div  class='flex_column av-7zdte-fe5b8891f5de462412e2e6b824de194d av_one_full  avia-builder-el-1  el_after_av_section  avia-builder-el-no-sibling  first flex_column_div  '     ><p>\n<style type=\"text\/css\" data-created_by=\"avia_inline_auto\" id=\"style-css-av-l1aljobq-27c0575c946a5289878f2d75dca1b83c\">\n#top .av-special-heading.av-l1aljobq-27c0575c946a5289878f2d75dca1b83c{\npadding-bottom:10px;\nfont-size:28px;\n}\nbody .av-special-heading.av-l1aljobq-27c0575c946a5289878f2d75dca1b83c .av-special-heading-tag .heading-char{\nfont-size:25px;\n}\n#top #wrap_all .av-special-heading.av-l1aljobq-27c0575c946a5289878f2d75dca1b83c .av-special-heading-tag{\nfont-size:28px;\n}\n.av-special-heading.av-l1aljobq-27c0575c946a5289878f2d75dca1b83c .av-subheading{\nfont-size:15px;\n}\n\n@media only screen and (min-width: 480px) and (max-width: 767px){ \n#top #wrap_all .av-special-heading.av-l1aljobq-27c0575c946a5289878f2d75dca1b83c .av-special-heading-tag{\nfont-size:0.8em;\n}\n}\n\n@media only screen and (max-width: 479px){ \n#top #wrap_all .av-special-heading.av-l1aljobq-27c0575c946a5289878f2d75dca1b83c .av-special-heading-tag{\nfont-size:0.8em;\n}\n}\n<\/style>\n<div  class='av-special-heading av-l1aljobq-27c0575c946a5289878f2d75dca1b83c av-special-heading-h1 blockquote modern-quote  avia-builder-el-2  el_before_av_textblock  avia-builder-el-first  av-inherit-size'><h1 class='av-special-heading-tag '  itemprop=\"headline\"  >Kontakt<\/h1><div class=\"special-heading-border\"><div class=\"special-heading-inner-border\"><\/div><\/div><\/div><br \/>\n<section  class='av_textblock_section av-l1aljgbh-09e7c24314c30ee08e81ec085303f3c3 '   itemscope=\"itemscope\" itemtype=\"https:\/\/schema.org\/CreativeWork\" ><div class='avia_textblock'  itemprop=\"text\" ><p><strong>Wenn Sie mehr \u00fcber unser Netzwerk erfahren m\u00f6chten<\/strong>, k\u00f6nnen Sie sich an folgenden Vorstand wenden: Nutzen Sie auch unsere Facebook-Seite, die sich an interessierte Feriengastgeber richtet, um unsere Informationsfilme anzusehen oder Fragen zu stellen. www.facebook.com\/ferievaertpaalandet<\/p>\n<p><strong>Der Aufsichtsrat:<\/strong><\/p>\n<p>Vorsitzende<br \/>\nSiobhan Kristensen, Hveddeg\u00e5rd, tlf. +45 61 74 90 64<\/p>\n<p>Sekret\u00e4r<br \/>\nBerit Keibel, Havhesten, tlf. +45 21 92 40 44<\/p>\n<p><span class=\"HwtZe\" lang=\"de\"><span class=\"jCAhz ChMk0b\"><span class=\"ryNqvb\">Kassierer<\/span><\/span><\/span><br \/>\nOle Kristiansen, Bindesb\u00f8lg\u00e5rd, tlf. +45 21 69 06 42<\/p>\n<p>Stellvertreter des Verwaltungsrats<br \/>\nMarianne Christensen, Kristiansminde, tlf. +45 75 34 74 94<\/p>\n<p><strong>Gesellschaftsvertrag:<\/strong><\/p>\n<p>Unsere Vereinssatzung k\u00f6nnen Sie <a href=\"https:\/\/bondegaardsferie.dk\/wp-content\/uploads\/2026\/05\/vedtaegt2026.pdf\" target=\"_blank\" rel=\"noopener\">HIER<\/a> nachlesen<\/p>\n<p><strong>Webmaster und Marketing:<\/strong><\/p>\n<p>ph7 communication &#8211; ph7.dk v \/ Peder Hovgaard, Tel. +45 2421 2468<\/p>\n<p><a href=\"mailto:ph@ph7.dk\">E-Mail hier senden<\/a><\/p>\n<p><strong>Mitgliederverwaltung<\/strong> (nur f\u00fcr Mitglieder)<\/p>\n<p>Bjarne Boesen, Tel. +45 2483 9344<\/p>\n<p><a href=\"mailto:info@bondegaardsferie.dk\">E-Mail hier senden<\/a><\/p>\n<p>Die National Association for Agricultural Tourism wurde 1988 gegr\u00fcndet.<\/p>\n<p>Der Zweck des Vereins ist:<\/p>\n<p>Es ist der Zweck des Vereins, die Bedingungen f\u00fcr den d\u00e4nischen Landtourismus zu f\u00f6rdern und zu verbessern, damit der Landtourismus zu einer echten Verdienstm\u00f6glichkeit f\u00fcr die l\u00e4ndlichen Gebiete D\u00e4nemarks wird<\/p>\n<p>Der erste Katalog wurde 1989 mit 79 Hosts ver\u00f6ffentlicht.<\/p>\n<p>Der Verein wurde in der Gr\u00fcndungsphase von den Bauernverb\u00e4nden unterst\u00fctzt.<\/p>\n<\/div><\/section><\/p><\/div>\n","protected":false},"excerpt":{"rendered":"","protected":false},"author":1,"featured_media":0,"parent":1388,"menu_order":20,"comment_status":"closed","ping_status":"closed","template":"","meta":{"_acf_changed":false,"footnotes":""},"class_list":["post-1409","page","type-page","status-publish","hentry"],"acf":[],"yoast_head":"<!-- This site is optimized with the Yoast SEO plugin v27.5 - https:\/\/yoast.com\/product\/yoast-seo-wordpress\/ -->\n<title>Kontakt - Bondegaardsferie<\/title>\n<meta name=\"robots\" content=\"index, follow, max-snippet:-1, max-image-preview:large, max-video-preview:-1\" \/>\n<link rel=\"canonical\" href=\"https:\/\/bondegaardsferie.dk\/de\/uber-den-verein\/kontakt\/\" \/>\n<meta property=\"og:locale\" content=\"de_DE\" \/>\n<meta property=\"og:type\" content=\"article\" \/>\n<meta property=\"og:title\" content=\"Kontakt - Bondegaardsferie\" \/>\n<meta property=\"og:url\" content=\"https:\/\/bondegaardsferie.dk\/de\/uber-den-verein\/kontakt\/\" \/>\n<meta property=\"og:site_name\" content=\"Bondegaardsferie\" \/>\n<meta property=\"article:modified_time\" content=\"2026-05-01T14:53:41+00:00\" \/>\n<meta name=\"twitter:card\" content=\"summary_large_image\" \/>\n<meta name=\"twitter:label1\" content=\"Gesch\u00e4tzte Lesezeit\" \/>\n\t<meta name=\"twitter:data1\" content=\"1\u00a0Minute\" \/>\n<script type=\"application\/ld+json\" class=\"yoast-schema-graph\">{\"@context\":\"https:\\\/\\\/schema.org\",\"@graph\":[{\"@type\":\"WebPage\",\"@id\":\"https:\\\/\\\/bondegaardsferie.dk\\\/de\\\/uber-den-verein\\\/kontakt\\\/\",\"url\":\"https:\\\/\\\/bondegaardsferie.dk\\\/de\\\/uber-den-verein\\\/kontakt\\\/\",\"name\":\"Kontakt - Bondegaardsferie\",\"isPartOf\":{\"@id\":\"https:\\\/\\\/bondegaardsferie.dk\\\/#website\"},\"datePublished\":\"2022-03-28T10:19:35+00:00\",\"dateModified\":\"2026-05-01T14:53:41+00:00\",\"breadcrumb\":{\"@id\":\"https:\\\/\\\/bondegaardsferie.dk\\\/de\\\/uber-den-verein\\\/kontakt\\\/#breadcrumb\"},\"inLanguage\":\"de\",\"potentialAction\":[{\"@type\":\"ReadAction\",\"target\":[\"https:\\\/\\\/bondegaardsferie.dk\\\/de\\\/uber-den-verein\\\/kontakt\\\/\"]}]},{\"@type\":\"BreadcrumbList\",\"@id\":\"https:\\\/\\\/bondegaardsferie.dk\\\/de\\\/uber-den-verein\\\/kontakt\\\/#breadcrumb\",\"itemListElement\":[{\"@type\":\"ListItem\",\"position\":1,\"name\":\"Hjem\",\"item\":\"https:\\\/\\\/bondegaardsferie.dk\\\/de\\\/titelseite\\\/\"},{\"@type\":\"ListItem\",\"position\":2,\"name\":\"\u00dcber den Verein\",\"item\":\"https:\\\/\\\/bondegaardsferie.dk\\\/de\\\/uber-den-verein\\\/\"},{\"@type\":\"ListItem\",\"position\":3,\"name\":\"Kontakt\"}]},{\"@type\":\"WebSite\",\"@id\":\"https:\\\/\\\/bondegaardsferie.dk\\\/#website\",\"url\":\"https:\\\/\\\/bondegaardsferie.dk\\\/\",\"name\":\"Bondegaardsferie\",\"description\":\"Find din ferieg\u00e5rd for denne s\u00e6son\",\"potentialAction\":[{\"@type\":\"SearchAction\",\"target\":{\"@type\":\"EntryPoint\",\"urlTemplate\":\"https:\\\/\\\/bondegaardsferie.dk\\\/?s={search_term_string}\"},\"query-input\":{\"@type\":\"PropertyValueSpecification\",\"valueRequired\":true,\"valueName\":\"search_term_string\"}}],\"inLanguage\":\"de\"}]}<\/script>\n<!-- \/ Yoast SEO plugin. -->","yoast_head_json":{"title":"Kontakt - Bondegaardsferie","robots":{"index":"index","follow":"follow","max-snippet":"max-snippet:-1","max-image-preview":"max-image-preview:large","max-video-preview":"max-video-preview:-1"},"canonical":"https:\/\/bondegaardsferie.dk\/de\/uber-den-verein\/kontakt\/","og_locale":"de_DE","og_type":"article","og_title":"Kontakt - Bondegaardsferie","og_url":"https:\/\/bondegaardsferie.dk\/de\/uber-den-verein\/kontakt\/","og_site_name":"Bondegaardsferie","article_modified_time":"2026-05-01T14:53:41+00:00","twitter_card":"summary_large_image","twitter_misc":{"Gesch\u00e4tzte Lesezeit":"1\u00a0Minute"},"schema":{"@context":"https:\/\/schema.org","@graph":[{"@type":"WebPage","@id":"https:\/\/bondegaardsferie.dk\/de\/uber-den-verein\/kontakt\/","url":"https:\/\/bondegaardsferie.dk\/de\/uber-den-verein\/kontakt\/","name":"Kontakt - Bondegaardsferie","isPartOf":{"@id":"https:\/\/bondegaardsferie.dk\/#website"},"datePublished":"2022-03-28T10:19:35+00:00","dateModified":"2026-05-01T14:53:41+00:00","breadcrumb":{"@id":"https:\/\/bondegaardsferie.dk\/de\/uber-den-verein\/kontakt\/#breadcrumb"},"inLanguage":"de","potentialAction":[{"@type":"ReadAction","target":["https:\/\/bondegaardsferie.dk\/de\/uber-den-verein\/kontakt\/"]}]},{"@type":"BreadcrumbList","@id":"https:\/\/bondegaardsferie.dk\/de\/uber-den-verein\/kontakt\/#breadcrumb","itemListElement":[{"@type":"ListItem","position":1,"name":"Hjem","item":"https:\/\/bondegaardsferie.dk\/de\/titelseite\/"},{"@type":"ListItem","position":2,"name":"\u00dcber den Verein","item":"https:\/\/bondegaardsferie.dk\/de\/uber-den-verein\/"},{"@type":"ListItem","position":3,"name":"Kontakt"}]},{"@type":"WebSite","@id":"https:\/\/bondegaardsferie.dk\/#website","url":"https:\/\/bondegaardsferie.dk\/","name":"Bondegaardsferie","description":"Find din ferieg\u00e5rd for denne s\u00e6son","potentialAction":[{"@type":"SearchAction","target":{"@type":"EntryPoint","urlTemplate":"https:\/\/bondegaardsferie.dk\/?s={search_term_string}"},"query-input":{"@type":"PropertyValueSpecification","valueRequired":true,"valueName":"search_term_string"}}],"inLanguage":"de"}]}},"_links":{"self":[{"href":"https:\/\/bondegaardsferie.dk\/de\/wp-json\/wp\/v2\/pages\/1409","targetHints":{"allow":["GET"]}}],"collection":[{"href":"https:\/\/bondegaardsferie.dk\/de\/wp-json\/wp\/v2\/pages"}],"about":[{"href":"https:\/\/bondegaardsferie.dk\/de\/wp-json\/wp\/v2\/types\/page"}],"author":[{"embeddable":true,"href":"https:\/\/bondegaardsferie.dk\/de\/wp-json\/wp\/v2\/users\/1"}],"replies":[{"embeddable":true,"href":"https:\/\/bondegaardsferie.dk\/de\/wp-json\/wp\/v2\/comments?post=1409"}],"version-history":[{"count":12,"href":"https:\/\/bondegaardsferie.dk\/de\/wp-json\/wp\/v2\/pages\/1409\/revisions"}],"predecessor-version":[{"id":4932,"href":"https:\/\/bondegaardsferie.dk\/de\/wp-json\/wp\/v2\/pages\/1409\/revisions\/4932"}],"up":[{"embeddable":true,"href":"https:\/\/bondegaardsferie.dk\/de\/wp-json\/wp\/v2\/pages\/1388"}],"wp:attachment":[{"href":"https:\/\/bondegaardsferie.dk\/de\/wp-json\/wp\/v2\/media?parent=1409"}],"curies":[{"name":"wp","href":"https:\/\/api.w.org\/{rel}","templated":true}]}}